
{"id":2760,"date":"2023-04-18T10:25:05","date_gmt":"2023-04-18T10:25:05","guid":{"rendered":"https:\/\/www.lucianotracia.it?page_id=2760"},"modified":"2023-07-07T11:27:41","modified_gmt":"2023-07-07T11:27:41","slug":"chirurgia-post-oncologica","status":"publish","type":"page","link":"http:\/\/www.lucianotracia.it\/en\/chirurgia-post-oncologica\/","title":{"rendered":"Post Oncological Surgery"},"content":{"rendered":"<div data-elementor-type=\"wp-page\" data-elementor-id=\"2760\" class=\"elementor elementor-2760\">\n\t\t\t\t\t\t<div class=\"elementor-section elementor-top-section elementor-element elementor-element-3564983 elementor-section-boxed elementor-section-height-default elementor-section-height-default\" data-id=\"3564983\" data-element_type=\"section\" data-e-type=\"section\" data-settings=\"{&quot;background_background&quot;:&quot;classic&quot;}\">\n\t\t\t\t\t\t<div class=\"elementor-container elementor-column-gap-default\">\n\t\t\t\t\t<div class=\"elementor-column elementor-col-100 elementor-top-column elementor-element elementor-element-29d5f62\" data-id=\"29d5f62\" data-element_type=\"column\" data-e-type=\"column\">\n\t\t\t<div class=\"elementor-widget-wrap elementor-element-populated\">\n\t\t\t\t\t\t<div class=\"elementor-section elementor-inner-section elementor-element elementor-element-8f95dbf elementor-section-boxed elementor-section-height-default elementor-section-height-default\" data-id=\"8f95dbf\" data-element_type=\"section\" data-e-type=\"section\">\n\t\t\t\t\t\t<div class=\"elementor-container elementor-column-gap-default\">\n\t\t\t\t\t<div class=\"elementor-column elementor-col-50 elementor-inner-column elementor-element elementor-element-630db8f\" data-id=\"630db8f\" data-element_type=\"column\" data-e-type=\"column\">\n\t\t\t<div class=\"elementor-widget-wrap elementor-element-populated\">\n\t\t\t\t\t\t<div class=\"elementor-element elementor-element-ade9e04 elementor-invisible elementor-widget elementor-widget-image\" data-id=\"ade9e04\" data-element_type=\"widget\" data-e-type=\"widget\" data-settings=\"{&quot;_animation&quot;:&quot;slideInUp&quot;}\" data-widget_type=\"image.default\">\n\t\t\t\t<div class=\"elementor-widget-container\">\n\t\t\t\t\t\t\t\t\t\t\t\t\t\t\t<img fetchpriority=\"high\" decoding=\"async\" width=\"1155\" height=\"749\" src=\"https:\/\/www.lucianotracia.it\/wp-content\/uploads\/2023\/05\/breast-reconstruction.jpg\" class=\"attachment-full size-full wp-image-3200\" alt=\"\" srcset=\"https:\/\/www.lucianotracia.it\/wp-content\/uploads\/2023\/05\/breast-reconstruction.jpg 1155w, https:\/\/www.lucianotracia.it\/wp-content\/uploads\/2023\/05\/breast-reconstruction-18x12.jpg 18w\" sizes=\"(max-width: 1155px) 100vw, 1155px\" \/>\t\t\t\t\t\t\t\t\t\t\t\t\t\t\t<\/div>\n\t\t\t\t<\/div>\n\t\t\t\t<div class=\"elementor-element elementor-element-6aa225c elementor-invisible elementor-widget elementor-widget-image\" data-id=\"6aa225c\" data-element_type=\"widget\" data-e-type=\"widget\" data-settings=\"{&quot;_animation&quot;:&quot;slideInUp&quot;}\" data-widget_type=\"image.default\">\n\t\t\t\t<div class=\"elementor-widget-container\">\n\t\t\t\t\t\t\t\t\t\t\t\t\t\t\t<img decoding=\"async\" width=\"800\" height=\"1080\" data-src=\"https:\/\/www.lucianotracia.it\/wp-content\/uploads\/2023\/04\/chirurgia_post_oncologica_sub-558x747-1.jpg\" class=\"attachment-full size-full wp-image-2092 lazyload\" alt=\"\" src=\"data:image\/svg+xml;base64,PHN2ZyB3aWR0aD0iMSIgaGVpZ2h0PSIxIiB4bWxucz0iaHR0cDovL3d3dy53My5vcmcvMjAwMC9zdmciPjwvc3ZnPg==\" style=\"--smush-placeholder-width: 800px; --smush-placeholder-aspect-ratio: 800\/1080;\" \/>\t\t\t\t\t\t\t\t\t\t\t\t\t\t\t<\/div>\n\t\t\t\t<\/div>\n\t\t\t\t\t<\/div>\n\t\t<\/div>\n\t\t\t\t<div class=\"elementor-column elementor-col-50 elementor-inner-column elementor-element elementor-element-88bc8f8\" data-id=\"88bc8f8\" data-element_type=\"column\" data-e-type=\"column\">\n\t\t\t<div class=\"elementor-widget-wrap elementor-element-populated\">\n\t\t\t\t\t\t<div class=\"elementor-element elementor-element-d97d5b9 elementor-invisible elementor-widget elementor-widget-text-editor\" data-id=\"d97d5b9\" data-element_type=\"widget\" data-e-type=\"widget\" data-settings=\"{&quot;_animation&quot;:&quot;slideInUp&quot;}\" data-widget_type=\"text-editor.default\">\n\t\t\t\t<div class=\"elementor-widget-container\">\n\t\t\t\t\t\t\t\t\t<p>POST ONCOLOGICAL SURGERY<\/p><p>BREAST RECONSTRUCTION<br \/>The breast is one of the most important symbols of a woman's femininity. <br \/>Her integrity becomes an indispensable element for the psychophysical well-being of the patient, for the quality of life and her ability to relate to others.<br \/>It should be emphasized that this type of patient needs to be followed up by a multidisciplinary team (breast surgeon, oncologist, radiotherapist, endocrinologist)<br \/>However, the advice of a plastic surgeon specialized in breast reconstruction can direct the patient towards the method best suited to her needs, thus obtaining the most satisfactory results.<br \/>Dr. Luciano Tracia has dedicated years to training this surgery, refining the most advanced techniques in this field and obtaining natural and harmonious results.<br \/>This reconstruction can be achieved with implants or with an autologous tissue reconstruction. This tissue is most commonly taken from the abdominal area, giving the patient the benefit of an abdominoplasty together with a completely new breast (DIEP FLAP).<br \/>Dr. Luciano Tracia is one of the few surgeons in the UAE who performs this procedure.<\/p>\t\t\t\t\t\t\t\t<\/div>\n\t\t\t\t<\/div>\n\t\t\t\t\t<\/div>\n\t\t<\/div>\n\t\t\t\t\t<\/div>\n\t\t<\/div>\n\t\t\t\t\t<\/div>\n\t\t<\/div>\n\t\t\t\t\t<\/div>\n\t\t<\/div>\n\t\t\t\t<\/div>","protected":false},"excerpt":{"rendered":"<p>CHIRUGIA POST ONCOLOGICA RICOSTRUZIONE MAMMARIA Il Seno \u00e8 uno dei simboli pi\u00f9 importanti della femminilit\u00e0 di una donna. La sua integrit\u00e0 diventa un elemento indispensabile per il benessere psicofisico della paziente, per la qualit\u00e0 della vita e [&hellip;]<\/p>","protected":false},"author":1,"featured_media":0,"parent":0,"menu_order":0,"comment_status":"closed","ping_status":"closed","template":"","meta":{"_joinchat":[],"footnotes":""},"class_list":["post-2760","page","type-page","status-publish","hentry"],"_links":{"self":[{"href":"http:\/\/www.lucianotracia.it\/en\/wp-json\/wp\/v2\/pages\/2760","targetHints":{"allow":["GET"]}}],"collection":[{"href":"http:\/\/www.lucianotracia.it\/en\/wp-json\/wp\/v2\/pages"}],"about":[{"href":"http:\/\/www.lucianotracia.it\/en\/wp-json\/wp\/v2\/types\/page"}],"author":[{"embeddable":true,"href":"http:\/\/www.lucianotracia.it\/en\/wp-json\/wp\/v2\/users\/1"}],"replies":[{"embeddable":true,"href":"http:\/\/www.lucianotracia.it\/en\/wp-json\/wp\/v2\/comments?post=2760"}],"version-history":[{"count":17,"href":"http:\/\/www.lucianotracia.it\/en\/wp-json\/wp\/v2\/pages\/2760\/revisions"}],"predecessor-version":[{"id":3233,"href":"http:\/\/www.lucianotracia.it\/en\/wp-json\/wp\/v2\/pages\/2760\/revisions\/3233"}],"wp:attachment":[{"href":"http:\/\/www.lucianotracia.it\/en\/wp-json\/wp\/v2\/media?parent=2760"}],"curies":[{"name":"wp","href":"https:\/\/api.w.org\/{rel}","templated":true}]}}